{"id":58345,"date":"2026-01-06T16:02:05","date_gmt":"2026-01-06T16:02:05","guid":{"rendered":"https:\/\/missiontoescape.com\/?post_type=product&#038;p=58345"},"modified":"2026-03-26T17:50:02","modified_gmt":"2026-03-26T17:50:02","slug":"pack-missoes-mte","status":"publish","type":"product","link":"https:\/\/missiontoescape.com\/en\/mission\/pack-missoes-mte\/","title":{"rendered":"Pack Miss\u00f5es MTE"},"content":{"rendered":"<div class=\"relative basis-auto flex-col -mb-(--composer-overlap-px) [--composer-overlap-px:28px] grow flex\">\n<div class=\"flex flex-col text-sm pb-25\">\n<article class=\"text-token-text-primary w-full focus:outline-none [--shadow-height:45px] has-data-writing-block:pointer-events-none has-data-writing-block:-mt-(--shadow-height) has-data-writing-block:pt-(--shadow-height) [&amp;:has([data-writing-block])&gt;*]:pointer-events-auto scroll-mt-[calc(var(--header-height)+min(200px,max(70px,20svh)))]\" dir=\"auto\" tabindex=\"-1\" data-turn-id=\"4b268531-bce6-41a6-8955-63c771bd801a\" data-testid=\"conversation-turn-44\" data-scroll-anchor=\"true\" data-turn=\"assistant\">\n<div class=\"text-base my-auto mx-auto pb-10 [--thread-content-margin:--spacing(4)] @w-sm\/main:[--thread-content-margin:--spacing(6)] @w-lg\/main:[--thread-content-margin:--spacing(16)] px-(--thread-content-margin)\">\n<div class=\"[--thread-content-max-width:40rem] @w-lg\/main:[--thread-content-max-width:48rem] mx-auto max-w-(--thread-content-max-width) flex-1 group\/turn-messages focus-visible:outline-hidden relative flex w-full min-w-0 flex-col agent-turn\" tabindex=\"-1\">\n<div class=\"flex max-w-full flex-col grow\">\n<div class=\"min-h-8 text-message relative flex w-full flex-col items-end gap-2 text-start break-words whitespace-normal [.text-message+&amp;]:mt-1\" dir=\"auto\" data-message-author-role=\"assistant\" data-message-id=\"49e192f7-91ef-41ca-a49a-8252e4c421c2\" data-message-model-slug=\"gpt-5-2\">\n<div class=\"flex w-full flex-col gap-1 empty:hidden first:pt-[1px]\">\n<div class=\"markdown prose dark:prose-invert w-full break-words dark markdown-new-styling\">\n<h3 data-start=\"976\" data-end=\"1011\"><strong data-start=\"980\" data-end=\"1011\">O que \u00e9 o Pack Miss\u00f5es MTE?<\/strong><\/h3>\n<p data-start=\"1013\" data-end=\"1225\">O <strong data-start=\"1015\" data-end=\"1035\">Pack Miss\u00f5es MTE<\/strong> da <strong data-start=\"1039\" data-end=\"1080\"><span class=\"hover:entity-accent entity-underline inline cursor-pointer align-baseline\"><span class=\"whitespace-normal\">Mission To Escape<\/span><\/span><\/strong> permite jogar <strong data-start=\"1095\" data-end=\"1126\">1, 2 ou 3 miss\u00f5es \u00e0 escolha<\/strong>, com uma estrutura de decis\u00e3o clara que ajuda a escolher o n\u00edvel de desafio certo para cada grupo.<\/p>\n<p data-start=\"1227\" data-end=\"1446\">Este pack n\u00e3o \u00e9 uma promo\u00e7\u00e3o cl\u00e1ssica.<br data-start=\"1265\" data-end=\"1268\" \/>\u00c9 uma arquitetura de escolha pensada para tornar evidente que <strong data-start=\"1330\" data-end=\"1389\">a diferen\u00e7a entre ficar a meio e ir at\u00e9 ao fim \u00e9 m\u00ednima<\/strong>, mas o impacto da experi\u00eancia \u00e9 completamente diferente.<\/p>\n<hr data-start=\"1448\" data-end=\"1451\" \/>\n<h3 data-start=\"1453\" data-end=\"1487\"><strong data-start=\"1457\" data-end=\"1487\">As tr\u00eas op\u00e7\u00f5es dispon\u00edveis<\/strong><\/h3>\n<h4 data-start=\"1489\" data-end=\"1523\"><strong data-start=\"1494\" data-end=\"1523\">Miss\u00e3o Inicia\u00e7\u00e3o . 19,90\u20ac<\/strong><\/h4>\n<ul data-start=\"1524\" data-end=\"1663\">\n<li data-start=\"1524\" data-end=\"1546\">\n<p data-start=\"1526\" data-end=\"1546\">1 miss\u00e3o \u00e0 escolha<\/p>\n<\/li>\n<li data-start=\"1547\" data-end=\"1602\">\n<p data-start=\"1549\" data-end=\"1602\">Ideal para quem quer experimentar pela primeira vez<\/p>\n<\/li>\n<li data-start=\"1603\" data-end=\"1663\">\n<p data-start=\"1605\" data-end=\"1663\">Um primeiro contacto com o jogo, a press\u00e3o e a narrativa<\/p>\n<\/li>\n<\/ul>\n<p data-start=\"1665\" data-end=\"1772\">Uma escolha segura para quem entra no universo Mission To Escape, mas sabe que ainda est\u00e1 apenas no in\u00edcio.<\/p>\n<hr data-start=\"1774\" data-end=\"1777\" \/>\n<h4 data-start=\"1779\" data-end=\"1804\"><strong data-start=\"1784\" data-end=\"1804\">Imers\u00e3o . 34,90\u20ac<\/strong><\/h4>\n<ul data-start=\"1805\" data-end=\"1938\">\n<li data-start=\"1805\" data-end=\"1828\">\n<p data-start=\"1807\" data-end=\"1828\">2 miss\u00f5es \u00e0 escolha<\/p>\n<\/li>\n<li data-start=\"1829\" data-end=\"1878\">\n<p data-start=\"1831\" data-end=\"1878\">Ideal para grupos que querem elevar o desafio<\/p>\n<\/li>\n<li data-start=\"1879\" data-end=\"1938\">\n<p data-start=\"1881\" data-end=\"1938\">Mais tempo de jogo, mais envolvimento, mais intensidade<\/p>\n<\/li>\n<\/ul>\n<p data-start=\"1940\" data-end=\"2047\">Uma op\u00e7\u00e3o interm\u00e9dia que permite jogar mais, mas que ainda deixa a sensa\u00e7\u00e3o de que algo ficou por resolver.<\/p>\n<hr data-start=\"2049\" data-end=\"2052\" \/>\n<h4 data-start=\"2054\" data-end=\"2092\"><strong data-start=\"2059\" data-end=\"2092\">Experi\u00eancia Completa . 39,90\u20ac<\/strong><\/h4>\n<ul data-start=\"2093\" data-end=\"2262\">\n<li data-start=\"2093\" data-end=\"2116\">\n<p data-start=\"2095\" data-end=\"2116\">3 miss\u00f5es \u00e0 escolha<\/p>\n<\/li>\n<li data-start=\"2117\" data-end=\"2171\">\n<p data-start=\"2119\" data-end=\"2171\">A forma mais completa de viver a Mission To Escape<\/p>\n<\/li>\n<li data-start=\"2172\" data-end=\"2189\">\n<p data-start=\"2174\" data-end=\"2189\">Mais desafios<\/p>\n<\/li>\n<li data-start=\"2190\" data-end=\"2205\">\n<p data-start=\"2192\" data-end=\"2205\">Mais tens\u00e3o<\/p>\n<\/li>\n<li data-start=\"2206\" data-end=\"2236\">\n<p data-start=\"2208\" data-end=\"2236\">Mais hist\u00f3rias para contar<\/p>\n<\/li>\n<li data-start=\"2237\" data-end=\"2262\">\n<p data-start=\"2239\" data-end=\"2262\">Menos arrependimentos<\/p>\n<\/li>\n<\/ul>\n<p data-start=\"2264\" data-end=\"2428\">Esta \u00e9 a op\u00e7\u00e3o pensada para quem n\u00e3o quer sair do jogo com a sensa\u00e7\u00e3o de ter ficado a meio. A diferen\u00e7a de valor \u00e9 reduzida, mas a diferen\u00e7a na experi\u00eancia \u00e9 total.<\/p>\n<hr data-start=\"2430\" data-end=\"2433\" \/>\n<h3 data-start=\"2435\" data-end=\"2472\"><strong data-start=\"2439\" data-end=\"2472\">Condi\u00e7\u00f5es do Pack Miss\u00f5es MTE<\/strong><\/h3>\n<ul data-start=\"2474\" data-end=\"2720\">\n<li data-start=\"2474\" data-end=\"2525\">\n<p data-start=\"2476\" data-end=\"2525\">V\u00e1lido por <strong data-start=\"2487\" data-end=\"2496\">1 ano<\/strong> a partir da data de compra<\/p>\n<\/li>\n<li data-start=\"2526\" data-end=\"2573\">\n<p data-start=\"2528\" data-end=\"2573\">Miss\u00f5es \u00e0 escolha, mediante disponibilidade<\/p>\n<\/li>\n<li data-start=\"2574\" data-end=\"2641\">\n<p data-start=\"2576\" data-end=\"2641\"><strong data-start=\"2576\" data-end=\"2639\">N\u00e3o acumul\u00e1vel com outras promo\u00e7\u00f5es, campanhas ou descontos<\/strong><\/p>\n<\/li>\n<li data-start=\"2642\" data-end=\"2720\">\n<p data-start=\"2644\" data-end=\"2720\">As condi\u00e7\u00f5es e valores apresentados <strong data-start=\"2680\" data-end=\"2720\">podem ser alterados sem aviso pr\u00e9vio<\/strong><\/p>\n<\/li>\n<\/ul>\n<p data-start=\"2722\" data-end=\"2822\">Por este motivo, <strong data-start=\"2739\" data-end=\"2784\">comprar agora garante as condi\u00e7\u00f5es atuais<\/strong>, que poder\u00e3o n\u00e3o se manter no futuro.<\/p>\n<hr data-start=\"2824\" data-end=\"2827\" \/>\n<h3 data-start=\"2829\" data-end=\"2857\"><strong data-start=\"2833\" data-end=\"2857\">Porque comprar agora<\/strong><\/h3>\n<p data-start=\"2859\" data-end=\"3033\">O Pack Miss\u00f5es MTE foi estruturado para premiar quem decide sem hesita\u00e7\u00e3o.<br data-start=\"2933\" data-end=\"2936\" \/>Quem entra no jogo percebe rapidamente que <strong data-start=\"2979\" data-end=\"3032\">a melhor experi\u00eancia \u00e9 aquela que n\u00e3o fica a meio<\/strong>.<\/p>\n<p data-start=\"3035\" data-end=\"3139\">As condi\u00e7\u00f5es atuais est\u00e3o ativas por tempo limitado.<br data-start=\"3087\" data-end=\"3090\" \/>Quem espera, arrisca-se a perder estas vantagens.<\/p>\n<p data-start=\"3141\" data-end=\"3210\">\ud83d\udc49 <strong data-start=\"3144\" data-end=\"3210\">Escolhe o teu n\u00edvel. Compra agora. E v\u00ea at\u00e9 onde consegues ir.<\/strong><\/p>\n<\/div>\n<\/div>\n<\/div>\n<\/div>\n<\/div>\n<\/div>\n<\/article>\n<\/div>\n<\/div>\n","protected":false},"excerpt":{"rendered":"<p data-start=\"367\" data-end=\"446\">N\u00e3o \u00e9 apenas escolher uma miss\u00e3o. \u00c9 decidir <strong data-start=\"413\" data-end=\"445\">at\u00e9 onde est\u00e1s disposto a ir<\/strong>.<\/p>\n<p data-start=\"448\" data-end=\"629\">O <strong data-start=\"450\" data-end=\"470\">Pack Miss\u00f5es MTE<\/strong> foi desenhado para quem quer mais do que experimentar. Foi pensado para quem percebe que, quando entra no jogo, <strong data-start=\"583\" data-end=\"628\">ficar a meio raramente \u00e9 a melhor escolha<\/strong>.<\/p>\n<p data-start=\"631\" data-end=\"731\">Tr\u00eas n\u00edveis. Tr\u00eas decis\u00f5es poss\u00edveis. Uma vantagem clara para quem escolhe a experi\u00eancia completa.<\/p>\n","protected":false},"featured_media":58904,"template":"","meta":{"_acf_changed":false,"content-type":""},"product_brand":[],"product_cat":[49,20],"product_tag":[],"class_list":{"0":"post-58345","1":"product","2":"type-product","3":"status-publish","4":"has-post-thumbnail","6":"product_cat-packs","7":"product_cat-sem-categoria","9":"first","10":"instock","11":"sale","12":"taxable","13":"shipping-taxable","14":"purchasable","15":"product-type-variable"},"exclude_global_add_ons":[],"addons":[],"acf":[],"_links":{"self":[{"href":"https:\/\/missiontoescape.com\/en\/wp-json\/wp\/v2\/product\/58345","targetHints":{"allow":["GET"]}}],"collection":[{"href":"https:\/\/missiontoescape.com\/en\/wp-json\/wp\/v2\/product"}],"about":[{"href":"https:\/\/missiontoescape.com\/en\/wp-json\/wp\/v2\/types\/product"}],"version-history":[{"count":4,"href":"https:\/\/missiontoescape.com\/en\/wp-json\/wp\/v2\/product\/58345\/revisions"}],"predecessor-version":[{"id":58910,"href":"https:\/\/missiontoescape.com\/en\/wp-json\/wp\/v2\/product\/58345\/revisions\/58910"}],"wp:featuredmedia":[{"embeddable":true,"href":"https:\/\/missiontoescape.com\/en\/wp-json\/wp\/v2\/media\/58904"}],"wp:attachment":[{"href":"https:\/\/missiontoescape.com\/en\/wp-json\/wp\/v2\/media?parent=58345"}],"wp:term":[{"taxonomy":"product_brand","embeddable":true,"href":"https:\/\/missiontoescape.com\/en\/wp-json\/wp\/v2\/product_brand?post=58345"},{"taxonomy":"product_cat","embeddable":true,"href":"https:\/\/missiontoescape.com\/en\/wp-json\/wp\/v2\/product_cat?post=58345"},{"taxonomy":"product_tag","embeddable":true,"href":"https:\/\/missiontoescape.com\/en\/wp-json\/wp\/v2\/product_tag?post=58345"}],"curies":[{"name":"wp","href":"https:\/\/api.w.org\/{rel}","templated":true}]}}