{"id":16691,"date":"2025-01-10T22:58:53","date_gmt":"2025-01-10T22:58:53","guid":{"rendered":"https:\/\/missiontoescape.com\/?post_type=product&#038;p=16691"},"modified":"2026-02-03T15:44:56","modified_gmt":"2026-02-03T15:44:56","slug":"escape-love-voucher","status":"publish","type":"product","link":"https:\/\/missiontoescape.com\/en\/mission\/escape-love-voucher\/","title":{"rendered":"Escape Love Voucher"},"content":{"rendered":"<div class=\"elementor-element elementor-element-d7245e3 e-con-full e-flex e-con e-parent e-lazyloaded\" data-id=\"d7245e3\" data-element_type=\"container\" data-settings=\"{&quot;background_background&quot;:&quot;classic&quot;}\">\n<div class=\"elementor-element elementor-element-298a2a1 e-con-full e-flex e-con e-child\" data-id=\"298a2a1\" data-element_type=\"container\">\n<div class=\"bdt-element-link elementor-element elementor-element-026c46e elementor-widget elementor-widget-text-editor elementor-motion-effects-parent\" data-ep-wrapper-link=\"{&quot;url&quot;:&quot;#contactos&quot;,&quot;is_external&quot;:&quot;&quot;,&quot;nofollow&quot;:&quot;&quot;,&quot;custom_attributes&quot;:&quot;&quot;}\" data-id=\"026c46e\" data-element_type=\"widget\" data-settings=\"{&quot;motion_fx_motion_fx_scrolling&quot;:&quot;yes&quot;,&quot;motion_fx_translateY_effect&quot;:&quot;yes&quot;,&quot;motion_fx_translateY_speed&quot;:{&quot;unit&quot;:&quot;px&quot;,&quot;size&quot;:0.8,&quot;sizes&quot;:[]},&quot;motion_fx_translateY_affectedRange&quot;:{&quot;unit&quot;:&quot;%&quot;,&quot;size&quot;:&quot;&quot;,&quot;sizes&quot;:{&quot;start&quot;:0,&quot;end&quot;:100}},&quot;motion_fx_devices&quot;:[&quot;desktop&quot;,&quot;tablet&quot;,&quot;mobile&quot;]}\" data-widget_type=\"text-editor.default\">\n<div class=\"elementor-widget-container elementor-motion-effects-element\">\n<p><strong>Escape Love Voucher<br \/>\n<\/strong><strong>Como Comprar o Voucher para o Dia dos Namorados?<\/strong><\/p>\n<p>\u00c9 simples e r\u00e1pido:<\/p>\n<p>Compra diretamente na nossa loja online.<\/p>\n<p>Visita qualquer uma das lojas\u00a0<strong>Mission to Escape<\/strong>\u00a0e adquire o voucher presencialmente.<\/p>\n<p><strong>At\u00e9 Quando \u00e9 V\u00e1lido?<\/strong><\/p>\n<p>O\u00a0<strong>Escape Love Voucher<\/strong>\u00a0\u00e9 v\u00e1lido at\u00e9\u00a0<strong>21 de fevereiro de 2026<\/strong>, permitindo-vos escolher a data mais conveniente para viver esta aventura.<\/p>\n<p>Descobre como transformar o\u00a0<strong>Dia dos Namorados<\/strong>\u00a0numa experi\u00eancia \u00fanica e inesquec\u00edvel na\u00a0<strong>Mission to Escape.<\/strong><\/p>\n<p>Descobre como transformar o\u00a0<strong>Dia dos Namorados<\/strong>\u00a0numa experi\u00eancia \u00fanica e inesquec\u00edvel na\u00a0<strong>Mission to Escape.\u00a0<\/strong>Oferece \u00e0 tua cara metade uma aventura repleta de amor, desafios e cumplicidade com o exclusivo\u00a0<strong>Escape Love Voucher<\/strong>.<\/p>\n<p><strong>Escape Love Voucher<\/strong>\u00a0oferece:<\/p>\n<ul>\n<li>\ud83d\udd75\ufe0f\u200d\u2642\ufe0f\u00a0<strong>Uma Experi\u00eancia Imersiva de Escape Room para Dois<\/strong><br \/>\nTestem o vosso esp\u00edrito de equipa e divirtam-se a resolver enigmas.<\/li>\n<li>\ud83c\udf6b\u00a0<strong>Um Doce Momento Antes do Jogo<\/strong><br \/>\nDeliciem-se com um doce para come\u00e7ar a experi\u00eancia de forma especial (apenas no dia 14 de fevereiro).<\/li>\n<li>\ud83d\udcf8\u00a0<strong>Uma Polaroid Exclusiva<\/strong><br \/>\nLevanta voo com uma recorda\u00e7\u00e3o f\u00edsica deste dia inesquec\u00edvel (apenas no dia 14 de fevereiro).<\/li>\n<li>Escape Love Voucher \u00e9 v\u00e1lido para dois participantes<\/li>\n<li><strong>Escape Love Voucher<\/strong>\u00a0\u00e9 v\u00e1lido at\u00e9\u00a0<strong>21 de fevereiro de 2026<\/strong><\/li>\n<li><a href=\"https:\/\/missiontoescape.com\/dia-dos-namorados-mission-to-escape\/\">Descubra todos os detalhes para o <strong>\u00a0Dia dos Namorados<\/strong><\/a><\/li>\n<\/ul>\n<\/div>\n<\/div>\n<\/div>\n<\/div>\n<div class=\"elementor-element elementor-element-dfc4495 e-con-full e-flex e-con e-parent e-lazyloaded\" data-id=\"dfc4495\" data-element_type=\"container\" data-settings=\"{&quot;background_background&quot;:&quot;classic&quot;}\">\n<div class=\"elementor-element elementor-element-fae0c58 e-con-full e-flex e-con e-child\" data-id=\"fae0c58\" data-element_type=\"container\">\n<div class=\"elementor-element elementor-element-280dbb7 elementor-widget elementor-widget-text-editor elementor-motion-effects-parent\" data-id=\"280dbb7\" data-element_type=\"widget\" data-settings=\"{&quot;motion_fx_motion_fx_scrolling&quot;:&quot;yes&quot;,&quot;motion_fx_translateY_effect&quot;:&quot;yes&quot;,&quot;motion_fx_translateY_speed&quot;:{&quot;unit&quot;:&quot;px&quot;,&quot;size&quot;:0.9,&quot;sizes&quot;:[]},&quot;motion_fx_translateY_affectedRange&quot;:{&quot;unit&quot;:&quot;%&quot;,&quot;size&quot;:&quot;&quot;,&quot;sizes&quot;:{&quot;start&quot;:0,&quot;end&quot;:100}},&quot;motion_fx_devices&quot;:[&quot;desktop&quot;,&quot;tablet&quot;,&quot;mobile&quot;]}\" data-widget_type=\"text-editor.default\">\n<div class=\"elementor-widget-container elementor-motion-effects-element\"><\/div>\n<\/div>\n<\/div>\n<\/div>\n","protected":false},"excerpt":{"rendered":"<p>Descobre como transformar o <strong>Dia dos Namorados<\/strong> numa experi\u00eancia \u00fanica e inesquec\u00edvel na <strong>Mission to Escape. <\/strong>Oferece \u00e0 tua cara metade uma aventura repleta de amor, desafios e cumplicidade com o exclusivo <strong>Escape Love Voucher.<\/strong><\/p>\n","protected":false},"featured_media":60019,"template":"","meta":{"_acf_changed":false,"content-type":""},"product_brand":[],"product_cat":[56,55],"product_tag":[],"class_list":{"0":"post-16691","1":"product","2":"type-product","3":"status-publish","4":"has-post-thumbnail","6":"product_cat-voucher","7":"product_cat-vouchers","9":"first","10":"instock","11":"sale","12":"virtual","13":"taxable","14":"purchasable","15":"product-type-simple"},"exclude_global_add_ons":[],"addons":[],"acf":[],"_links":{"self":[{"href":"https:\/\/missiontoescape.com\/en\/wp-json\/wp\/v2\/product\/16691","targetHints":{"allow":["GET"]}}],"collection":[{"href":"https:\/\/missiontoescape.com\/en\/wp-json\/wp\/v2\/product"}],"about":[{"href":"https:\/\/missiontoescape.com\/en\/wp-json\/wp\/v2\/types\/product"}],"version-history":[{"count":4,"href":"https:\/\/missiontoescape.com\/en\/wp-json\/wp\/v2\/product\/16691\/revisions"}],"predecessor-version":[{"id":62196,"href":"https:\/\/missiontoescape.com\/en\/wp-json\/wp\/v2\/product\/16691\/revisions\/62196"}],"wp:featuredmedia":[{"embeddable":true,"href":"https:\/\/missiontoescape.com\/en\/wp-json\/wp\/v2\/media\/60019"}],"wp:attachment":[{"href":"https:\/\/missiontoescape.com\/en\/wp-json\/wp\/v2\/media?parent=16691"}],"wp:term":[{"taxonomy":"product_brand","embeddable":true,"href":"https:\/\/missiontoescape.com\/en\/wp-json\/wp\/v2\/product_brand?post=16691"},{"taxonomy":"product_cat","embeddable":true,"href":"https:\/\/missiontoescape.com\/en\/wp-json\/wp\/v2\/product_cat?post=16691"},{"taxonomy":"product_tag","embeddable":true,"href":"https:\/\/missiontoescape.com\/en\/wp-json\/wp\/v2\/product_tag?post=16691"}],"curies":[{"name":"wp","href":"https:\/\/api.w.org\/{rel}","templated":true}]}}